{"id":2088,"date":"2026-01-06T08:41:46","date_gmt":"2026-01-06T08:41:46","guid":{"rendered":"https:\/\/indiebeach.server-prod.com\/reservation\/"},"modified":"2026-04-15T05:14:30","modified_gmt":"2026-04-15T05:14:30","slug":"reservation","status":"publish","type":"page","link":"https:\/\/cherrysainttrop.server-prod.com\/en\/reservation\/","title":{"rendered":"R\u00e9servation"},"content":{"rendered":"<div id=\"overlay-scroll\" class=\"overlay-scroll\"><\/div><div class=\"loader\" id=\"loader\" style=\"display: none;\">\n        <div class=\"loader-content\">\n            <div class=\"indie\" id=\"indie\">indie<\/div>\n            <div class=\"group\" id=\"group\">group<\/div>\n        <\/div>\n    <\/div><p>[et_pb_section fb_built=&#8221;1&#8243; custom_padding_last_edited=&#8221;on|tablet&#8221; _builder_version=&#8221;4.27.5&#8243; _module_preset=&#8221;default&#8221; background_color=&#8221;#000000&#8243; custom_padding=&#8221;225px||225px||false|false&#8221; custom_padding_tablet=&#8221;141px||141px||false|false&#8221; custom_padding_phone=&#8221;141px||141px||false|false&#8221; global_colors_info=&#8221;{}&#8221;][et_pb_row _builder_version=&#8221;4.27.4&#8243; _module_preset=&#8221;default&#8221; global_colors_info=&#8221;{}&#8221;][et_pb_column type=&#8221;4_4&#8243; _builder_version=&#8221;4.27.4&#8243; _module_preset=&#8221;default&#8221; global_colors_info=&#8221;{}&#8221;][et_pb_text module_class=&#8221;text-37 white&#8221; _builder_version=&#8221;4.27.5&#8243; _module_preset=&#8221;default&#8221; text_orientation=&#8221;center&#8221; hover_enabled=&#8221;0&#8243; global_colors_info=&#8221;{}&#8221; sticky_enabled=&#8221;0&#8243;]<\/p>\n<h1>Reservations<\/h1>\n<p>[\/et_pb_text][\/et_pb_column][\/et_pb_row][\/et_pb_section][et_pb_section fb_built=&#8221;1&#8243; custom_padding_last_edited=&#8221;on|tablet&#8221; _builder_version=&#8221;4.27.5&#8243; _module_preset=&#8221;default&#8221; background_color=&#8221;#ded8c5&#8243; custom_padding=&#8221;174px||174px||false|false&#8221; custom_padding_tablet=&#8221;60px||60px||false|false&#8221; custom_padding_phone=&#8221;60px||60px||false|false&#8221; global_colors_info=&#8221;{}&#8221;][et_pb_row custom_padding_last_edited=&#8221;on|tablet&#8221; _builder_version=&#8221;4.27.5&#8243; _module_preset=&#8221;default&#8221; width_tablet=&#8221;100%&#8221; width_phone=&#8221;100%&#8221; width_last_edited=&#8221;on|tablet&#8221; custom_padding=&#8221;0px||0px||false|false&#8221; custom_padding_tablet=&#8221;|15px||15px|false|false&#8221; custom_padding_phone=&#8221;|15px||15px|false|false&#8221; global_colors_info=&#8221;{}&#8221;][et_pb_column type=&#8221;4_4&#8243; _builder_version=&#8221;4.27.4&#8243; _module_preset=&#8221;default&#8221; global_colors_info=&#8221;{}&#8221;][et_pb_text module_class=&#8221;text-37 black&#8221; _builder_version=&#8221;4.27.5&#8243; _module_preset=&#8221;default&#8221; text_orientation=&#8221;center&#8221; custom_margin=&#8221;||174px||false|false&#8221; custom_margin_tablet=&#8221;||60px||false|false&#8221; custom_margin_phone=&#8221;||60px||false|false&#8221; custom_margin_last_edited=&#8221;on|tablet&#8221; custom_padding=&#8221;||||false|false&#8221; hover_enabled=&#8221;0&#8243; global_colors_info=&#8221;{}&#8221; sticky_enabled=&#8221;0&#8243;]<\/p>\n<h2>For reservations of more than 20 people,<br \/>\nplease visit our Private Events page.<\/h2>\n<p>[\/et_pb_text][et_pb_code module_class=&#8221;contactform&#8221; _builder_version=&#8221;4.27.5&#8243; _module_preset=&#8221;default&#8221; global_colors_info=&#8221;{}&#8221;]\n<div class=\"wpcf7 no-js\" id=\"wpcf7-f2095-o1\" lang=\"en-US\" dir=\"ltr\" data-wpcf7-id=\"2095\">\n<div class=\"screen-reader-response\"><p role=\"status\" aria-live=\"polite\" aria-atomic=\"true\"><\/p> <ul><\/ul><\/div>\n<form action=\"\/en\/wp-json\/wp\/v2\/pages\/2088#wpcf7-f2095-o1\" method=\"post\" class=\"wpcf7-form init\" aria-label=\"Contact form\" novalidate=\"novalidate\" data-status=\"init\">\n<fieldset class=\"hidden-fields-container\"><input type=\"hidden\" name=\"_wpcf7\" value=\"2095\" \/><input type=\"hidden\" name=\"_wpcf7_version\" value=\"6.1.4\" \/><input type=\"hidden\" name=\"_wpcf7_locale\" value=\"en_US\" \/><input type=\"hidden\" name=\"_wpcf7_unit_tag\" value=\"wpcf7-f2095-o1\" \/><input type=\"hidden\" name=\"_wpcf7_container_post\" value=\"0\" \/><input type=\"hidden\" name=\"_wpcf7_posted_data_hash\" value=\"\" \/>\n<\/fieldset>\n<div class=\"row-form\">\n<div class=\"col-md-6\">\n<span class=\"wpcf7-form-control-wrap\" data-name=\"nom\"><input size=\"40\" maxlength=\"400\" class=\"wpcf7-form-control wpcf7-text wpcf7-validates-as-required\" aria-required=\"true\" aria-invalid=\"false\" placeholder=\"SURNAME\" value=\"\" type=\"text\" name=\"nom\" \/><\/span>\n<\/div>\n<div class=\"col-md-6\">\n<span class=\"wpcf7-form-control-wrap\" data-name=\"prenom\"><input size=\"40\" maxlength=\"400\" class=\"wpcf7-form-control wpcf7-text wpcf7-validates-as-required\" aria-required=\"true\" aria-invalid=\"false\" placeholder=\"FIRST NAME\" value=\"\" type=\"text\" name=\"prenom\" \/><\/span>\n<\/div>\n<\/div>\n<div class=\"row-form\">\n<div class=\"col-md-6\">\n<span class=\"wpcf7-form-control-wrap\" data-name=\"mail\"><input size=\"40\" maxlength=\"400\" class=\"wpcf7-form-control wpcf7-text wpcf7-validates-as-required\" aria-required=\"true\" aria-invalid=\"false\" placeholder=\"EMAIL\" value=\"\" type=\"text\" name=\"mail\" \/><\/span>\n<\/div>\n<div class=\"col-md-6\">\n<span class=\"wpcf7-form-control-wrap\" data-name=\"tel-204\"><input size=\"40\" maxlength=\"400\" class=\"wpcf7-form-control wpcf7-tel wpcf7-validates-as-required wpcf7-text wpcf7-validates-as-tel\" aria-required=\"true\" aria-invalid=\"false\" placeholder=\"PHONE\" value=\"\" type=\"tel\" name=\"tel-204\" \/><\/span>\n<\/div>\n<\/div>\n<span class=\"wpcf7-form-control-wrap\" data-name=\"nbpersonne\"><input class=\"wpcf7-form-control wpcf7-number wpcf7-validates-as-required wpcf7-validates-as-number\" max=\"20\" aria-required=\"true\" aria-invalid=\"false\" placeholder=\"NUMBER OF PEOPLE\" value=\"\" type=\"number\" name=\"nbpersonne\" \/><\/span>\n<div class=\"row-message\"><div class=\"message-label\">MESSAGE<\/div><div class=\"counter\">0\/500<\/div><\/div>\n<span class=\"wpcf7-form-control-wrap\" data-name=\"message\"><textarea cols=\"40\" rows=\"10\" maxlength=\"500\" class=\"wpcf7-form-control wpcf7-textarea wpcf7-validates-as-required message\" aria-required=\"true\" aria-invalid=\"false\" name=\"message\"><\/textarea><\/span>\n<span class=\"wpcf7-form-control-wrap\" data-name=\"acceptance-5\"><span class=\"wpcf7-form-control wpcf7-acceptance\"><span class=\"wpcf7-list-item\"><label><input type=\"checkbox\" name=\"acceptance-5\" value=\"1\" aria-invalid=\"false\" \/><span class=\"wpcf7-list-item-label\">I ACCEPT INDIE GROUP\u2019S PRIVACY POLICY AND GENERAL TERMS AND CONDITIONS<\/span><\/label><\/span><\/span><\/span>\n<input class=\"wpcf7-form-control wpcf7-submit has-spinner\" type=\"submit\" value=\"Send\" \/><div class=\"wpcf7-response-output\" aria-hidden=\"true\"><\/div>\n<\/form>\n<\/div>\n[\/et_pb_code][\/et_pb_column][\/et_pb_row][\/et_pb_section][et_pb_section fb_built=&#8221;1&#8243; custom_padding_last_edited=&#8221;on|phone&#8221; disabled_on=&#8221;off|off|off&#8221; module_class=&#8221;scroll-section&#8221; _builder_version=&#8221;4.27.5&#8243; _module_preset=&#8221;default&#8221; background_color=&#8221;#fffaeb&#8221; custom_padding=&#8221;178px||178px||false|false&#8221; custom_padding_tablet=&#8221;90px||90px||false|false&#8221; custom_padding_phone=&#8221;27px||27px||false|false&#8221; global_colors_info=&#8221;{}&#8221;][et_pb_row _builder_version=&#8221;4.27.4&#8243; _module_preset=&#8221;default&#8221; width=&#8221;100%&#8221; max_width=&#8221;100%&#8221; custom_padding=&#8221;0px|20px|0px|20px|false|false&#8221; global_colors_info=&#8221;{}&#8221;][et_pb_column type=&#8221;4_4&#8243; _builder_version=&#8221;4.27.4&#8243; _module_preset=&#8221;default&#8221; global_colors_info=&#8221;{}&#8221;][et_pb_text module_class=&#8221;text-37 black&#8221; _builder_version=&#8221;4.27.5&#8243; _module_preset=&#8221;default&#8221; text_font=&#8221;ModerneLLWeb-Medium||||||||&#8221; text_orientation=&#8221;center&#8221; custom_margin=&#8221;||35px||false|false&#8221; hover_enabled=&#8221;0&#8243; text_orientation_tablet=&#8221;center&#8221; text_orientation_phone=&#8221;left&#8221; text_orientation_last_edited=&#8221;on|phone&#8221; global_colors_info=&#8221;{}&#8221; sticky_enabled=&#8221;0&#8243;]To fully enjoy Indie Beach and the unique atmosphere of Pampelonne,<br \/>\nreservations are strongly recommended.[\/et_pb_text][et_pb_text module_class=&#8221;text-37 black&#8221; _builder_version=&#8221;4.27.5&#8243; _module_preset=&#8221;default&#8221; text_font=&#8221;ModerneLLWeb-Medium||||||||&#8221; text_orientation=&#8221;center&#8221; link_option_url=&#8221;tel:+33 (0)4 94 79 81 04&#8243; text_orientation_tablet=&#8221;center&#8221; text_orientation_phone=&#8221;left&#8221; text_orientation_last_edited=&#8221;on|phone&#8221; global_colors_info=&#8221;{}&#8221;]<\/p>\n<p>04 94 79 81 04<\/p>\n<p>[\/et_pb_text][\/et_pb_column][\/et_pb_row][\/et_pb_section][et_pb_section fb_built=&#8221;1&#8243; custom_padding_last_edited=&#8221;on|tablet&#8221; disabled_on=&#8221;on|on|off&#8221; _builder_version=&#8221;4.27.5&#8243; _module_preset=&#8221;default&#8221; background_color=&#8221;#fffaeb&#8221; custom_padding=&#8221;0px||178px||false|false&#8221; custom_padding_tablet=&#8221;0px||60px||false|false&#8221; custom_padding_phone=&#8221;0px||60px||false|false&#8221; global_colors_info=&#8221;{}&#8221;][et_pb_row column_structure=&#8221;1_3,1_3,1_3&#8243; use_custom_gutter=&#8221;on&#8221; gutter_width=&#8221;1&#8243; _builder_version=&#8221;4.27.5&#8243; _module_preset=&#8221;default&#8221; width=&#8221;100%&#8221; max_width=&#8221;1556px&#8221; custom_padding=&#8221;0px||0px||false|false&#8221; global_colors_info=&#8221;{}&#8221;][et_pb_column type=&#8221;1_3&#8243; _builder_version=&#8221;4.27.5&#8243; _module_preset=&#8221;default&#8221; custom_padding=&#8221;|15px||15px|false|false&#8221; global_colors_info=&#8221;{}&#8221;][et_pb_image src=&#8221;https:\/\/cherrysainttrop.server-prod.com\/wp-content\/uploads\/2026\/01\/reservation-1.png&#8221; alt=&#8221;Bar et terrasse Indie Beach \u2013 r\u00e9servation restaurant Pampelonne en ligne&#8221; title_text=&#8221;reservation-1&#8243; _builder_version=&#8221;4.27.5&#8243; _module_preset=&#8221;default&#8221; global_colors_info=&#8221;{}&#8221;][\/et_pb_image][\/et_pb_column][et_pb_column type=&#8221;1_3&#8243; _builder_version=&#8221;4.27.5&#8243; _module_preset=&#8221;default&#8221; custom_padding=&#8221;|15px||15px|false|false&#8221; global_colors_info=&#8221;{}&#8221;][et_pb_image src=&#8221;https:\/\/cherrysainttrop.server-prod.com\/wp-content\/uploads\/2026\/03\/reservation-2.webp&#8221; alt=&#8221;Ceviche de crevettes sauce \u00e9pic\u00e9e \u2013 menu du restaurant Indie Beach Pampelonne&#8221; title_text=&#8221;reservation-2&#8243; _builder_version=&#8221;4.27.5&#8243; _module_preset=&#8221;default&#8221; global_colors_info=&#8221;{}&#8221;][\/et_pb_image][\/et_pb_column][et_pb_column type=&#8221;1_3&#8243; _builder_version=&#8221;4.27.5&#8243; _module_preset=&#8221;default&#8221; custom_padding=&#8221;|15px||15px|false|false&#8221; global_colors_info=&#8221;{}&#8221;][et_pb_image src=&#8221;https:\/\/cherrysainttrop.server-prod.com\/wp-content\/uploads\/2026\/01\/reservation-3.png&#8221; alt=&#8221;Table dress\u00e9e Indie Beach huile et vinaigre maison \u2013 r\u00e9servation restaurant Ramatuelle&#8221; title_text=&#8221;reservation-3&#8243; _builder_version=&#8221;4.27.5&#8243; _module_preset=&#8221;default&#8221; custom_padding=&#8221;||||false|false&#8221; global_colors_info=&#8221;{}&#8221;][\/et_pb_image][\/et_pb_column][\/et_pb_row][\/et_pb_section][et_pb_section fb_built=&#8221;1&#8243; custom_padding_last_edited=&#8221;on|tablet&#8221; disabled_on=&#8221;off|off|on&#8221; _builder_version=&#8221;4.27.5&#8243; _module_preset=&#8221;default&#8221; background_color=&#8221;#fffaeb&#8221; custom_padding=&#8221;0px||129px||false|false&#8221; custom_padding_tablet=&#8221;0px||18px||false|false&#8221; custom_padding_phone=&#8221;0px||18px||false|false&#8221; global_colors_info=&#8221;{}&#8221;][et_pb_row use_custom_gutter=&#8221;on&#8221; gutter_width=&#8221;1&#8243; custom_padding_last_edited=&#8221;on|tablet&#8221; _builder_version=&#8221;4.27.5&#8243; _module_preset=&#8221;default&#8221; width=&#8221;100%&#8221; max_width=&#8221;1556px&#8221; custom_padding=&#8221;0px||0px||false|false&#8221; custom_padding_tablet=&#8221;18px||0px||false|false&#8221; custom_padding_phone=&#8221;18px||0px||false|false&#8221; global_colors_info=&#8221;{}&#8221;][et_pb_column type=&#8221;4_4&#8243; _builder_version=&#8221;4.27.5&#8243; _module_preset=&#8221;default&#8221; custom_padding=&#8221;|15px||15px|false|false&#8221; global_colors_info=&#8221;{}&#8221;][et_pb_image src=&#8221;https:\/\/cherrysainttrop.server-prod.com\/wp-content\/uploads\/2026\/01\/reservation-1-mobile.png&#8221; alt=&#8221;Bar et terrasse Indie Beach \u2013 r\u00e9servation restaurant Pampelonne en ligne&#8221; title_text=&#8221;reservation-1-mobile&#8221; align=&#8221;center&#8221; _builder_version=&#8221;4.27.5&#8243; _module_preset=&#8221;default&#8221; global_colors_info=&#8221;{}&#8221;][\/et_pb_image][\/et_pb_column][\/et_pb_row][\/et_pb_section]<\/p>\n","protected":false},"excerpt":{"rendered":"<p>ReservationsFor reservations of more than 20 people, please visit our Private Events page.\n<div class=\"wpcf7 no-js\" id=\"wpcf7-f2095-o2\" lang=\"en-US\" dir=\"ltr\" data-wpcf7-id=\"2095\">\n<div class=\"screen-reader-response\"><p role=\"status\" aria-live=\"polite\" aria-atomic=\"true\"><\/p> <ul><\/ul><\/div>\n<form action=\"\/en\/wp-json\/wp\/v2\/pages\/2088#wpcf7-f2095-o2\" method=\"post\" class=\"wpcf7-form init\" aria-label=\"Contact form\" novalidate=\"novalidate\" data-status=\"init\">\n<fieldset class=\"hidden-fields-container\"><input type=\"hidden\" name=\"_wpcf7\" value=\"2095\" \/><input type=\"hidden\" name=\"_wpcf7_version\" value=\"6.1.4\" \/><input type=\"hidden\" name=\"_wpcf7_locale\" value=\"en_US\" \/><input type=\"hidden\" name=\"_wpcf7_unit_tag\" value=\"wpcf7-f2095-o2\" \/><input type=\"hidden\" name=\"_wpcf7_container_post\" value=\"0\" \/><input type=\"hidden\" name=\"_wpcf7_posted_data_hash\" value=\"\" \/>\n<\/fieldset>\n<div class=\"row-form\">\n<div class=\"col-md-6\">\n<span class=\"wpcf7-form-control-wrap\" data-name=\"nom\"><input size=\"40\" maxlength=\"400\" class=\"wpcf7-form-control wpcf7-text wpcf7-validates-as-required\" aria-required=\"true\" aria-invalid=\"false\" placeholder=\"SURNAME\" value=\"\" type=\"text\" name=\"nom\" \/><\/span>\n<\/div>\n<div class=\"col-md-6\">\n<span class=\"wpcf7-form-control-wrap\" data-name=\"prenom\"><input size=\"40\" maxlength=\"400\" class=\"wpcf7-form-control wpcf7-text wpcf7-validates-as-required\" aria-required=\"true\" aria-invalid=\"false\" placeholder=\"FIRST NAME\" value=\"\" type=\"text\" name=\"prenom\" \/><\/span>\n<\/div>\n<\/div>\n<div class=\"row-form\">\n<div class=\"col-md-6\">\n<span class=\"wpcf7-form-control-wrap\" data-name=\"mail\"><input size=\"40\" maxlength=\"400\" class=\"wpcf7-form-control wpcf7-text wpcf7-validates-as-required\" aria-required=\"true\" aria-invalid=\"false\" placeholder=\"EMAIL\" value=\"\" type=\"text\" name=\"mail\" \/><\/span>\n<\/div>\n<div class=\"col-md-6\">\n<span class=\"wpcf7-form-control-wrap\" data-name=\"tel-204\"><input size=\"40\" maxlength=\"400\" class=\"wpcf7-form-control wpcf7-tel wpcf7-validates-as-required wpcf7-text wpcf7-validates-as-tel\" aria-required=\"true\" aria-invalid=\"false\" placeholder=\"PHONE\" value=\"\" type=\"tel\" name=\"tel-204\" \/><\/span>\n<\/div>\n<\/div>\n<span class=\"wpcf7-form-control-wrap\" data-name=\"nbpersonne\"><input class=\"wpcf7-form-control wpcf7-number wpcf7-validates-as-required wpcf7-validates-as-number\" max=\"20\" aria-required=\"true\" aria-invalid=\"false\" placeholder=\"NUMBER OF PEOPLE\" value=\"\" type=\"number\" name=\"nbpersonne\" \/><\/span>\n<div class=\"row-message\"><div class=\"message-label\">MESSAGE<\/div><div class=\"counter\">0\/500<\/div><\/div>\n<span class=\"wpcf7-form-control-wrap\" data-name=\"message\"><textarea cols=\"40\" rows=\"10\" maxlength=\"500\" class=\"wpcf7-form-control wpcf7-textarea wpcf7-validates-as-required message\" aria-required=\"true\" aria-invalid=\"false\" name=\"message\"><\/textarea><\/span>\n<span class=\"wpcf7-form-control-wrap\" data-name=\"acceptance-5\"><span class=\"wpcf7-form-control wpcf7-acceptance\"><span class=\"wpcf7-list-item\"><label><input type=\"checkbox\" name=\"acceptance-5\" value=\"1\" aria-invalid=\"false\" \/><span class=\"wpcf7-list-item-label\">I ACCEPT INDIE GROUP\u2019S PRIVACY POLICY AND GENERAL TERMS AND CONDITIONS<\/span><\/label><\/span><\/span><\/span>\n<input class=\"wpcf7-form-control wpcf7-submit has-spinner\" type=\"submit\" value=\"Send\" \/><div class=\"wpcf7-response-output\" aria-hidden=\"true\"><\/div>\n<\/form>\n<\/div>\nTo fully enjoy Indie Beach and the unique atmosphere of Pampelonne, reservations are strongly recommended.04 94 79 81 04<\/p>\n","protected":false},"author":1,"featured_media":0,"parent":0,"menu_order":0,"comment_status":"closed","ping_status":"closed","template":"","meta":{"_acf_changed":false,"_et_pb_use_builder":"on","_et_pb_old_content":"","_et_gb_content_width":"","footnotes":""},"class_list":["post-2088","page","type-page","status-publish","hentry"],"acf":[],"yoast_head":"<!-- This site is optimized with the Yoast SEO plugin v26.6 - https:\/\/yoast.com\/wordpress\/plugins\/seo\/ -->\n<title>R\u00e9servation Restaurant Saint-Tropez, Paris, Meg\u00e8ve, Courchevel et Saint-Barth<\/title>\n<meta name=\"description\" content=\"Privatisez les \u00e9tablissements d&#039;Indie Group pour vos \u00e9v\u00e9nements priv\u00e9s ou\" \/>\n<meta name=\"robots\" content=\"noindex, follow, max-snippet:-1, max-image-preview:large, max-video-preview:-1\" \/>\n<meta property=\"og:locale\" content=\"en_US\" \/>\n<meta property=\"og:type\" content=\"article\" \/>\n<meta property=\"og:title\" content=\"R\u00e9servation Restaurant Saint-Tropez, Paris, Meg\u00e8ve, Courchevel et Saint-Barth\" \/>\n<meta property=\"og:description\" content=\"Privatisez les \u00e9tablissements d&#039;Indie Group pour vos \u00e9v\u00e9nements priv\u00e9s ou\" \/>\n<meta property=\"og:url\" content=\"https:\/\/cherrysainttrop.server-prod.com\/en\/reservation\/\" \/>\n<meta property=\"og:site_name\" content=\"Indie Beach\" \/>\n<meta property=\"article:modified_time\" content=\"2026-04-15T05:14:30+00:00\" \/>\n<meta name=\"twitter:card\" content=\"summary_large_image\" \/>\n<meta name=\"twitter:label1\" content=\"Est. reading time\" \/>\n\t<meta name=\"twitter:data1\" content=\"2 minutes\" \/>\n<script type=\"application\/ld+json\" class=\"yoast-schema-graph\">{\"@context\":\"https:\/\/schema.org\",\"@graph\":[{\"@type\":\"WebPage\",\"@id\":\"https:\/\/cherrysainttrop.server-prod.com\/en\/reservation\/\",\"url\":\"https:\/\/cherrysainttrop.server-prod.com\/en\/reservation\/\",\"name\":\"R\u00e9servation Restaurant Saint-Tropez, Paris, Meg\u00e8ve, Courchevel et Saint-Barth\",\"isPartOf\":{\"@id\":\"https:\/\/cherrysainttrop.server-prod.com\/en\/#website\"},\"datePublished\":\"2026-01-06T08:41:46+00:00\",\"dateModified\":\"2026-04-15T05:14:30+00:00\",\"description\":\"Privatisez les \u00e9tablissements d'Indie Group pour vos \u00e9v\u00e9nements priv\u00e9s ou\",\"breadcrumb\":{\"@id\":\"https:\/\/cherrysainttrop.server-prod.com\/en\/reservation\/#breadcrumb\"},\"inLanguage\":\"en-US\",\"potentialAction\":[{\"@type\":\"ReadAction\",\"target\":[\"https:\/\/cherrysainttrop.server-prod.com\/en\/reservation\/\"]}]},{\"@type\":\"BreadcrumbList\",\"@id\":\"https:\/\/cherrysainttrop.server-prod.com\/en\/reservation\/#breadcrumb\",\"itemListElement\":[{\"@type\":\"ListItem\",\"position\":1,\"name\":\"Accueil\",\"item\":\"https:\/\/cherrysainttrop.server-prod.com\/en\/\"},{\"@type\":\"ListItem\",\"position\":2,\"name\":\"R\u00e9servation\"}]},{\"@type\":\"WebSite\",\"@id\":\"https:\/\/cherrysainttrop.server-prod.com\/en\/#website\",\"url\":\"https:\/\/cherrysainttrop.server-prod.com\/en\/\",\"name\":\"Indie Beach\",\"description\":\"\",\"potentialAction\":[{\"@type\":\"SearchAction\",\"target\":{\"@type\":\"EntryPoint\",\"urlTemplate\":\"https:\/\/cherrysainttrop.server-prod.com\/en\/?s={search_term_string}\"},\"query-input\":{\"@type\":\"PropertyValueSpecification\",\"valueRequired\":true,\"valueName\":\"search_term_string\"}}],\"inLanguage\":\"en-US\"}]}<\/script>\n<!-- \/ Yoast SEO plugin. -->","yoast_head_json":{"title":"R\u00e9servation Restaurant Saint-Tropez, Paris, Meg\u00e8ve, Courchevel et Saint-Barth","description":"Privatisez les \u00e9tablissements d'Indie Group pour vos \u00e9v\u00e9nements priv\u00e9s ou","robots":{"index":"noindex","follow":"follow","max-snippet":"max-snippet:-1","max-image-preview":"max-image-preview:large","max-video-preview":"max-video-preview:-1"},"og_locale":"en_US","og_type":"article","og_title":"R\u00e9servation Restaurant Saint-Tropez, Paris, Meg\u00e8ve, Courchevel et Saint-Barth","og_description":"Privatisez les \u00e9tablissements d'Indie Group pour vos \u00e9v\u00e9nements priv\u00e9s ou","og_url":"https:\/\/cherrysainttrop.server-prod.com\/en\/reservation\/","og_site_name":"Indie Beach","article_modified_time":"2026-04-15T05:14:30+00:00","twitter_card":"summary_large_image","twitter_misc":{"Est. reading time":"2 minutes"},"schema":{"@context":"https:\/\/schema.org","@graph":[{"@type":"WebPage","@id":"https:\/\/cherrysainttrop.server-prod.com\/en\/reservation\/","url":"https:\/\/cherrysainttrop.server-prod.com\/en\/reservation\/","name":"R\u00e9servation Restaurant Saint-Tropez, Paris, Meg\u00e8ve, Courchevel et Saint-Barth","isPartOf":{"@id":"https:\/\/cherrysainttrop.server-prod.com\/en\/#website"},"datePublished":"2026-01-06T08:41:46+00:00","dateModified":"2026-04-15T05:14:30+00:00","description":"Privatisez les \u00e9tablissements d'Indie Group pour vos \u00e9v\u00e9nements priv\u00e9s ou","breadcrumb":{"@id":"https:\/\/cherrysainttrop.server-prod.com\/en\/reservation\/#breadcrumb"},"inLanguage":"en-US","potentialAction":[{"@type":"ReadAction","target":["https:\/\/cherrysainttrop.server-prod.com\/en\/reservation\/"]}]},{"@type":"BreadcrumbList","@id":"https:\/\/cherrysainttrop.server-prod.com\/en\/reservation\/#breadcrumb","itemListElement":[{"@type":"ListItem","position":1,"name":"Accueil","item":"https:\/\/cherrysainttrop.server-prod.com\/en\/"},{"@type":"ListItem","position":2,"name":"R\u00e9servation"}]},{"@type":"WebSite","@id":"https:\/\/cherrysainttrop.server-prod.com\/en\/#website","url":"https:\/\/cherrysainttrop.server-prod.com\/en\/","name":"Indie Beach","description":"","potentialAction":[{"@type":"SearchAction","target":{"@type":"EntryPoint","urlTemplate":"https:\/\/cherrysainttrop.server-prod.com\/en\/?s={search_term_string}"},"query-input":{"@type":"PropertyValueSpecification","valueRequired":true,"valueName":"search_term_string"}}],"inLanguage":"en-US"}]}},"_links":{"self":[{"href":"https:\/\/cherrysainttrop.server-prod.com\/en\/wp-json\/wp\/v2\/pages\/2088","targetHints":{"allow":["GET"]}}],"collection":[{"href":"https:\/\/cherrysainttrop.server-prod.com\/en\/wp-json\/wp\/v2\/pages"}],"about":[{"href":"https:\/\/cherrysainttrop.server-prod.com\/en\/wp-json\/wp\/v2\/types\/page"}],"author":[{"embeddable":true,"href":"https:\/\/cherrysainttrop.server-prod.com\/en\/wp-json\/wp\/v2\/users\/1"}],"replies":[{"embeddable":true,"href":"https:\/\/cherrysainttrop.server-prod.com\/en\/wp-json\/wp\/v2\/comments?post=2088"}],"version-history":[{"count":1,"href":"https:\/\/cherrysainttrop.server-prod.com\/en\/wp-json\/wp\/v2\/pages\/2088\/revisions"}],"predecessor-version":[{"id":2094,"href":"https:\/\/cherrysainttrop.server-prod.com\/en\/wp-json\/wp\/v2\/pages\/2088\/revisions\/2094"}],"wp:attachment":[{"href":"https:\/\/cherrysainttrop.server-prod.com\/en\/wp-json\/wp\/v2\/media?parent=2088"}],"curies":[{"name":"wp","href":"https:\/\/api.w.org\/{rel}","templated":true}]}}