{"id":2080,"date":"2025-11-29T16:31:19","date_gmt":"2025-11-29T16:31:19","guid":{"rendered":"https:\/\/indiebeach.server-prod.com\/groupes-et-evenements\/"},"modified":"2026-04-15T05:09:18","modified_gmt":"2026-04-15T05:09:18","slug":"groupes-et-evenements","status":"publish","type":"page","link":"https:\/\/cherrysainttrop.server-prod.com\/en\/groupes-et-evenements\/","title":{"rendered":"Privatisation \u2013 Groupes et \u00e9v\u00e9nements"},"content":{"rendered":"<div id=\"overlay-scroll\" class=\"overlay-scroll\"><\/div><div class=\"loader\" id=\"loader\" style=\"display: none;\">\n        <div class=\"loader-content\">\n            <div class=\"indie\" id=\"indie\">indie<\/div>\n            <div class=\"group\" id=\"group\">group<\/div>\n        <\/div>\n    <\/div><p>[et_pb_section fb_built=&#8221;1&#8243; custom_padding_last_edited=&#8221;on|tablet&#8221; _builder_version=&#8221;4.27.5&#8243; _module_preset=&#8221;default&#8221; background_color=&#8221;#000000&#8243; custom_padding=&#8221;225px||225px||false|false&#8221; custom_padding_tablet=&#8221;141px||141px||false|false&#8221; custom_padding_phone=&#8221;141px||141px||false|false&#8221; global_colors_info=&#8221;{}&#8221;][et_pb_row _builder_version=&#8221;4.27.4&#8243; _module_preset=&#8221;default&#8221; global_colors_info=&#8221;{}&#8221;][et_pb_column type=&#8221;4_4&#8243; _builder_version=&#8221;4.27.4&#8243; _module_preset=&#8221;default&#8221; global_colors_info=&#8221;{}&#8221;][et_pb_text module_class=&#8221;text-37 white&#8221; _builder_version=&#8221;4.27.5&#8243; _module_preset=&#8221;default&#8221; text_orientation=&#8221;center&#8221; hover_enabled=&#8221;0&#8243; global_colors_info=&#8221;{}&#8221; sticky_enabled=&#8221;0&#8243;]<\/p>\n<h1>Private hire &#8211; Groups and events<\/h1>\n<p>[\/et_pb_text][\/et_pb_column][\/et_pb_row][\/et_pb_section][et_pb_section fb_built=&#8221;1&#8243; custom_padding_last_edited=&#8221;on|phone&#8221; module_class=&#8221;scroll-section&#8221; _builder_version=&#8221;4.27.5&#8243; _module_preset=&#8221;default&#8221; background_color=&#8221;#fffaeb&#8221; custom_padding=&#8221;178px||178px||false|false&#8221; custom_padding_tablet=&#8221;90px||90px||false|false&#8221; custom_padding_phone=&#8221;18px||18px||false|false&#8221; global_colors_info=&#8221;{}&#8221;][et_pb_row _builder_version=&#8221;4.27.4&#8243; _module_preset=&#8221;default&#8221; width=&#8221;100%&#8221; max_width=&#8221;100%&#8221; custom_padding=&#8221;0px|20px|0px|20px|false|false&#8221; global_colors_info=&#8221;{}&#8221;][et_pb_column type=&#8221;4_4&#8243; _builder_version=&#8221;4.27.4&#8243; _module_preset=&#8221;default&#8221; global_colors_info=&#8221;{}&#8221;][et_pb_text module_class=&#8221;text-37 black&#8221; _builder_version=&#8221;4.27.5&#8243; _module_preset=&#8221;default&#8221; text_font=&#8221;ModerneLLWeb-Medium||||||||&#8221; text_orientation=&#8221;center&#8221; hover_enabled=&#8221;0&#8243; text_orientation_tablet=&#8221;center&#8221; text_orientation_phone=&#8221;left&#8221; text_orientation_last_edited=&#8221;on|phone&#8221; global_colors_info=&#8221;{}&#8221; sticky_enabled=&#8221;0&#8243;]Indie Group specialises in organising private and professional events.<br \/>\nIndie Beach offers tailor-made private hire for weddings, birthdays,<br \/>\nprofessional meetings and other exclusive evening events. On the beach, in the restaurant or in the bar,<br \/>\neach event has its own space facing the sea.[\/et_pb_text][\/et_pb_column][\/et_pb_row][\/et_pb_section][et_pb_section fb_built=&#8221;1&#8243; custom_padding_last_edited=&#8221;on|tablet&#8221; _builder_version=&#8221;4.27.5&#8243; _module_preset=&#8221;default&#8221; background_color=&#8221;#ded8c5&#8243; custom_padding=&#8221;174px||174px||false|false&#8221; custom_padding_tablet=&#8221;60px||60px||false|false&#8221; custom_padding_phone=&#8221;60px||60px||false|false&#8221; global_colors_info=&#8221;{}&#8221;][et_pb_row custom_padding_last_edited=&#8221;on|tablet&#8221; _builder_version=&#8221;4.27.5&#8243; _module_preset=&#8221;default&#8221; width_tablet=&#8221;100%&#8221; width_phone=&#8221;100%&#8221; width_last_edited=&#8221;on|tablet&#8221; custom_padding=&#8221;0px||0px||false|false&#8221; custom_padding_tablet=&#8221;0px|18px|0px|18px|false|false&#8221; custom_padding_phone=&#8221;0px|18px|0px|18px|false|false&#8221; global_colors_info=&#8221;{}&#8221;][et_pb_column type=&#8221;4_4&#8243; _builder_version=&#8221;4.27.4&#8243; _module_preset=&#8221;default&#8221; global_colors_info=&#8221;{}&#8221;][et_pb_text module_class=&#8221;text-37 black&#8221; _builder_version=&#8221;4.27.5&#8243; _module_preset=&#8221;default&#8221; text_orientation=&#8221;center&#8221; custom_margin=&#8221;||174px||false|false&#8221; custom_margin_tablet=&#8221;||60px||false|false&#8221; custom_margin_phone=&#8221;||60px||false|false&#8221; custom_margin_last_edited=&#8221;on|tablet&#8221; custom_padding=&#8221;||||false|false&#8221; hover_enabled=&#8221;0&#8243; global_colors_info=&#8221;{}&#8221; sticky_enabled=&#8221;0&#8243;]<\/p>\n<h2>For bookings of fewer than 20 people,<br \/>\nplease contact the restaurant.<\/h2>\n<p>[\/et_pb_text][et_pb_code module_class=&#8221;contactform&#8221; _builder_version=&#8221;4.27.5&#8243; _module_preset=&#8221;default&#8221; hover_enabled=&#8221;0&#8243; global_colors_info=&#8221;{}&#8221; sticky_enabled=&#8221;0&#8243;]\n<div class=\"wpcf7 no-js\" id=\"wpcf7-f2086-o1\" lang=\"en-US\" dir=\"ltr\" data-wpcf7-id=\"2086\">\n<div class=\"screen-reader-response\"><p role=\"status\" aria-live=\"polite\" aria-atomic=\"true\"><\/p> <ul><\/ul><\/div>\n<form action=\"\/en\/wp-json\/wp\/v2\/pages\/2080#wpcf7-f2086-o1\" method=\"post\" class=\"wpcf7-form init\" aria-label=\"Contact form\" novalidate=\"novalidate\" data-status=\"init\">\n<fieldset class=\"hidden-fields-container\"><input type=\"hidden\" name=\"_wpcf7\" value=\"2086\" \/><input type=\"hidden\" name=\"_wpcf7_version\" value=\"6.1.4\" \/><input type=\"hidden\" name=\"_wpcf7_locale\" value=\"en_US\" \/><input type=\"hidden\" name=\"_wpcf7_unit_tag\" value=\"wpcf7-f2086-o1\" \/><input type=\"hidden\" name=\"_wpcf7_container_post\" value=\"0\" \/><input type=\"hidden\" name=\"_wpcf7_posted_data_hash\" value=\"\" \/>\n<\/fieldset>\n<div class=\"row-form\">\n<div class=\"col-md-6\">\n<span class=\"wpcf7-form-control-wrap\" data-name=\"nom\"><input size=\"40\" maxlength=\"400\" class=\"wpcf7-form-control wpcf7-text wpcf7-validates-as-required\" aria-required=\"true\" aria-invalid=\"false\" placeholder=\"SURNAME\" value=\"\" type=\"text\" name=\"nom\" \/><\/span>\n<\/div>\n<div class=\"col-md-6\">\n<span class=\"wpcf7-form-control-wrap\" data-name=\"prenom\"><input size=\"40\" maxlength=\"400\" class=\"wpcf7-form-control wpcf7-text wpcf7-validates-as-required\" aria-required=\"true\" aria-invalid=\"false\" placeholder=\"FIRST NAME\" value=\"\" type=\"text\" name=\"prenom\" \/><\/span>\n<\/div>\n<\/div>\n<div class=\"row-form\">\n<div class=\"col-md-6\">\n<span class=\"wpcf7-form-control-wrap\" data-name=\"mail\"><input size=\"40\" maxlength=\"400\" class=\"wpcf7-form-control wpcf7-text wpcf7-validates-as-required\" aria-required=\"true\" aria-invalid=\"false\" placeholder=\"EMAIL\" value=\"\" type=\"text\" name=\"mail\" \/><\/span>\n<\/div>\n<div class=\"col-md-6\">\n<span class=\"wpcf7-form-control-wrap\" data-name=\"tel-204\"><input size=\"40\" maxlength=\"400\" class=\"wpcf7-form-control wpcf7-tel wpcf7-validates-as-required wpcf7-text wpcf7-validates-as-tel\" aria-required=\"true\" aria-invalid=\"false\" placeholder=\"PHONE\" value=\"\" type=\"tel\" name=\"tel-204\" \/><\/span>\n<\/div>\n<\/div>\n<span class=\"wpcf7-form-control-wrap\" data-name=\"nbpersonne\"><input class=\"wpcf7-form-control wpcf7-number wpcf7-validates-as-required wpcf7-validates-as-number\" min=\"20\" aria-required=\"true\" aria-invalid=\"false\" placeholder=\"NUMBER OF PEOPLE\" value=\"\" type=\"number\" name=\"nbpersonne\" \/><\/span>\n<div class=\"row-message\"><div class=\"message-label\">MESSAGE<\/div><div class=\"counter\">0\/500<\/div><\/div>\n<span class=\"wpcf7-form-control-wrap\" data-name=\"message\"><textarea cols=\"40\" rows=\"10\" maxlength=\"500\" class=\"wpcf7-form-control wpcf7-textarea wpcf7-validates-as-required message\" aria-required=\"true\" aria-invalid=\"false\" name=\"message\"><\/textarea><\/span>\n<span class=\"wpcf7-form-control-wrap\" data-name=\"acceptance-5\"><span class=\"wpcf7-form-control wpcf7-acceptance\"><span class=\"wpcf7-list-item\"><label><input type=\"checkbox\" name=\"acceptance-5\" value=\"1\" aria-invalid=\"false\" \/><span class=\"wpcf7-list-item-label\">I ACCEPT INDIE GROUP\u2019S PRIVACY POLICY AND GENERAL TERMS AND CONDITIONS<\/span><\/label><\/span><\/span><\/span>\n<input class=\"wpcf7-form-control wpcf7-submit has-spinner\" type=\"submit\" value=\"Send\" \/><div class=\"wpcf7-response-output\" aria-hidden=\"true\"><\/div>\n<\/form>\n<\/div>\n[\/et_pb_code][\/et_pb_column][\/et_pb_row][\/et_pb_section][et_pb_section fb_built=&#8221;1&#8243; custom_padding_last_edited=&#8221;on|phone&#8221; _builder_version=&#8221;4.27.5&#8243; _module_preset=&#8221;default&#8221; background_color=&#8221;#fffaeb&#8221; custom_padding=&#8221;96.5px||96.5px||false|false&#8221; custom_padding_tablet=&#8221;60px||60px||false|false&#8221; custom_padding_phone=&#8221;60px||60px||false|false&#8221; global_colors_info=&#8221;{}&#8221;][et_pb_row column_structure=&#8221;1_3,1_3,1_3&#8243; use_custom_gutter=&#8221;on&#8221; gutter_width=&#8221;1&#8243; module_class=&#8221;trois-image&#8221; _builder_version=&#8221;4.27.5&#8243; _module_preset=&#8221;default&#8221; width=&#8221;100%&#8221; max_width=&#8221;1556px&#8221; custom_padding=&#8221;0px|10px|0px|10px|false|false&#8221; global_colors_info=&#8221;{}&#8221;][et_pb_column type=&#8221;1_3&#8243; _builder_version=&#8221;4.27.5&#8243; _module_preset=&#8221;default&#8221; custom_padding=&#8221;|15px||15px|false|false&#8221; custom_padding_tablet=&#8221;|8px||8px|false|false&#8221; custom_padding_phone=&#8221;|8px||8px|false|false&#8221; custom_padding_last_edited=&#8221;on|tablet&#8221; global_colors_info=&#8221;{}&#8221;][et_pb_image src=&#8221;https:\/\/cherrysainttrop.server-prod.com\/wp-content\/uploads\/2026\/03\/groupes-evenements-1.webp&#8221; alt=&#8221;Soir\u00e9e priv\u00e9e Indie Beach \u2013 DJ et n\u00e9on Love Is Indie Air, privatisation restaurant Pampelonne&#8221; title_text=&#8221;groupes-evenements-1&#8243; _builder_version=&#8221;4.27.5&#8243; _module_preset=&#8221;default&#8221; global_colors_info=&#8221;{}&#8221;][\/et_pb_image][\/et_pb_column][et_pb_column type=&#8221;1_3&#8243; disabled_on=&#8221;on|off|off&#8221; _builder_version=&#8221;4.27.5&#8243; _module_preset=&#8221;default&#8221; custom_padding=&#8221;|15px||15px|false|false&#8221; custom_padding_tablet=&#8221;|8px||8px|false|false&#8221; custom_padding_phone=&#8221;|8px||8px|false|false&#8221; custom_padding_last_edited=&#8221;on|tablet&#8221; global_colors_info=&#8221;{}&#8221;][et_pb_image src=&#8221;https:\/\/cherrysainttrop.server-prod.com\/wp-content\/uploads\/2026\/03\/groupes-evenements-2.webp&#8221; alt=&#8221;Tables dress\u00e9es face \u00e0 la mer et dunes \u2013 privatisation restaurant Indie Beach Ramatuelle&#8221; title_text=&#8221;groupes-evenements-2&#8243; _builder_version=&#8221;4.27.5&#8243; _module_preset=&#8221;default&#8221; global_colors_info=&#8221;{}&#8221;][\/et_pb_image][\/et_pb_column][et_pb_column type=&#8221;1_3&#8243; disabled_on=&#8221;on|off|off&#8221; _builder_version=&#8221;4.27.5&#8243; _module_preset=&#8221;default&#8221; custom_padding=&#8221;|15px||15px|false|false&#8221; custom_padding_tablet=&#8221;|8px||8px|false|false&#8221; custom_padding_phone=&#8221;|8px||8px|false|false&#8221; custom_padding_last_edited=&#8221;on|tablet&#8221; global_colors_info=&#8221;{}&#8221;][et_pb_image src=&#8221;https:\/\/cherrysainttrop.server-prod.com\/wp-content\/uploads\/2026\/03\/groupes-evenements-3.webp&#8221; alt=&#8221;Salle sous pergola bois et chaises rotin \u2013 espace privatisable restaurant Indie Beach Pampelonne&#8221; title_text=&#8221;groupes-evenements-3&#8243; _builder_version=&#8221;4.27.5&#8243; _module_preset=&#8221;default&#8221; custom_padding=&#8221;||||false|false&#8221; global_colors_info=&#8221;{}&#8221;][\/et_pb_image][\/et_pb_column][\/et_pb_row][\/et_pb_section]<\/p>\n","protected":false},"excerpt":{"rendered":"<p>Private hire &#8211; Groups and eventsIndie Group specialises in organising private and professional events. Indie Beach offers tailor-made private hire for weddings, birthdays, professional meetings and other exclusive evening events. On the beach, in the restaurant or in the bar, each event has its own space facing the sea.For bookings of fewer than 20 people, [&hellip;]<\/p>\n","protected":false},"author":1,"featured_media":0,"parent":0,"menu_order":0,"comment_status":"closed","ping_status":"closed","template":"","meta":{"_acf_changed":false,"_et_pb_use_builder":"on","_et_pb_old_content":"","_et_gb_content_width":"","footnotes":""},"class_list":["post-2080","page","type-page","status-publish","hentry"],"acf":[],"yoast_head":"<!-- This site is optimized with the Yoast SEO plugin v26.6 - https:\/\/yoast.com\/wordpress\/plugins\/seo\/ -->\n<title>Privatisation Restaurant Saint-Tropez, Paris, Meg\u00e8ve, Courchevel et Saint-Barth<\/title>\n<meta name=\"description\" content=\"Privatisez les \u00e9tablissements d&#039;Indie Group pour vos \u00e9v\u00e9nements priv\u00e9s ou\" \/>\n<meta name=\"robots\" content=\"noindex, follow, max-snippet:-1, max-image-preview:large, max-video-preview:-1\" \/>\n<meta property=\"og:locale\" content=\"en_US\" \/>\n<meta property=\"og:type\" content=\"article\" \/>\n<meta property=\"og:title\" content=\"Privatisation Restaurant Saint-Tropez, Paris, Meg\u00e8ve, Courchevel et Saint-Barth\" \/>\n<meta property=\"og:description\" content=\"Privatisez les \u00e9tablissements d&#039;Indie Group pour vos \u00e9v\u00e9nements priv\u00e9s ou\" \/>\n<meta property=\"og:url\" content=\"https:\/\/cherrysainttrop.server-prod.com\/en\/groupes-et-evenements\/\" \/>\n<meta property=\"og:site_name\" content=\"Indie Beach\" \/>\n<meta property=\"article:modified_time\" content=\"2026-04-15T05:09:18+00:00\" \/>\n<meta name=\"twitter:card\" content=\"summary_large_image\" \/>\n<meta name=\"twitter:label1\" content=\"Est. reading time\" \/>\n\t<meta name=\"twitter:data1\" content=\"2 minutes\" \/>\n<script type=\"application\/ld+json\" class=\"yoast-schema-graph\">{\"@context\":\"https:\/\/schema.org\",\"@graph\":[{\"@type\":\"WebPage\",\"@id\":\"https:\/\/cherrysainttrop.server-prod.com\/en\/groupes-et-evenements\/\",\"url\":\"https:\/\/cherrysainttrop.server-prod.com\/en\/groupes-et-evenements\/\",\"name\":\"Privatisation Restaurant Saint-Tropez, Paris, Meg\u00e8ve, Courchevel et Saint-Barth\",\"isPartOf\":{\"@id\":\"https:\/\/cherrysainttrop.server-prod.com\/en\/#website\"},\"datePublished\":\"2025-11-29T16:31:19+00:00\",\"dateModified\":\"2026-04-15T05:09:18+00:00\",\"description\":\"Privatisez les \u00e9tablissements d'Indie Group pour vos \u00e9v\u00e9nements priv\u00e9s ou\",\"breadcrumb\":{\"@id\":\"https:\/\/cherrysainttrop.server-prod.com\/en\/groupes-et-evenements\/#breadcrumb\"},\"inLanguage\":\"en-US\",\"potentialAction\":[{\"@type\":\"ReadAction\",\"target\":[\"https:\/\/cherrysainttrop.server-prod.com\/en\/groupes-et-evenements\/\"]}]},{\"@type\":\"BreadcrumbList\",\"@id\":\"https:\/\/cherrysainttrop.server-prod.com\/en\/groupes-et-evenements\/#breadcrumb\",\"itemListElement\":[{\"@type\":\"ListItem\",\"position\":1,\"name\":\"Accueil\",\"item\":\"https:\/\/cherrysainttrop.server-prod.com\/en\/\"},{\"@type\":\"ListItem\",\"position\":2,\"name\":\"Privatisation \u2013 Groupes et \u00e9v\u00e9nements\"}]},{\"@type\":\"WebSite\",\"@id\":\"https:\/\/cherrysainttrop.server-prod.com\/en\/#website\",\"url\":\"https:\/\/cherrysainttrop.server-prod.com\/en\/\",\"name\":\"Indie Beach\",\"description\":\"\",\"potentialAction\":[{\"@type\":\"SearchAction\",\"target\":{\"@type\":\"EntryPoint\",\"urlTemplate\":\"https:\/\/cherrysainttrop.server-prod.com\/en\/?s={search_term_string}\"},\"query-input\":{\"@type\":\"PropertyValueSpecification\",\"valueRequired\":true,\"valueName\":\"search_term_string\"}}],\"inLanguage\":\"en-US\"}]}<\/script>\n<!-- \/ Yoast SEO plugin. -->","yoast_head_json":{"title":"Privatisation Restaurant Saint-Tropez, Paris, Meg\u00e8ve, Courchevel et Saint-Barth","description":"Privatisez les \u00e9tablissements d'Indie Group pour vos \u00e9v\u00e9nements priv\u00e9s ou","robots":{"index":"noindex","follow":"follow","max-snippet":"max-snippet:-1","max-image-preview":"max-image-preview:large","max-video-preview":"max-video-preview:-1"},"og_locale":"en_US","og_type":"article","og_title":"Privatisation Restaurant Saint-Tropez, Paris, Meg\u00e8ve, Courchevel et Saint-Barth","og_description":"Privatisez les \u00e9tablissements d'Indie Group pour vos \u00e9v\u00e9nements priv\u00e9s ou","og_url":"https:\/\/cherrysainttrop.server-prod.com\/en\/groupes-et-evenements\/","og_site_name":"Indie Beach","article_modified_time":"2026-04-15T05:09:18+00:00","twitter_card":"summary_large_image","twitter_misc":{"Est. reading time":"2 minutes"},"schema":{"@context":"https:\/\/schema.org","@graph":[{"@type":"WebPage","@id":"https:\/\/cherrysainttrop.server-prod.com\/en\/groupes-et-evenements\/","url":"https:\/\/cherrysainttrop.server-prod.com\/en\/groupes-et-evenements\/","name":"Privatisation Restaurant Saint-Tropez, Paris, Meg\u00e8ve, Courchevel et Saint-Barth","isPartOf":{"@id":"https:\/\/cherrysainttrop.server-prod.com\/en\/#website"},"datePublished":"2025-11-29T16:31:19+00:00","dateModified":"2026-04-15T05:09:18+00:00","description":"Privatisez les \u00e9tablissements d'Indie Group pour vos \u00e9v\u00e9nements priv\u00e9s ou","breadcrumb":{"@id":"https:\/\/cherrysainttrop.server-prod.com\/en\/groupes-et-evenements\/#breadcrumb"},"inLanguage":"en-US","potentialAction":[{"@type":"ReadAction","target":["https:\/\/cherrysainttrop.server-prod.com\/en\/groupes-et-evenements\/"]}]},{"@type":"BreadcrumbList","@id":"https:\/\/cherrysainttrop.server-prod.com\/en\/groupes-et-evenements\/#breadcrumb","itemListElement":[{"@type":"ListItem","position":1,"name":"Accueil","item":"https:\/\/cherrysainttrop.server-prod.com\/en\/"},{"@type":"ListItem","position":2,"name":"Privatisation \u2013 Groupes et \u00e9v\u00e9nements"}]},{"@type":"WebSite","@id":"https:\/\/cherrysainttrop.server-prod.com\/en\/#website","url":"https:\/\/cherrysainttrop.server-prod.com\/en\/","name":"Indie Beach","description":"","potentialAction":[{"@type":"SearchAction","target":{"@type":"EntryPoint","urlTemplate":"https:\/\/cherrysainttrop.server-prod.com\/en\/?s={search_term_string}"},"query-input":{"@type":"PropertyValueSpecification","valueRequired":true,"valueName":"search_term_string"}}],"inLanguage":"en-US"}]}},"_links":{"self":[{"href":"https:\/\/cherrysainttrop.server-prod.com\/en\/wp-json\/wp\/v2\/pages\/2080","targetHints":{"allow":["GET"]}}],"collection":[{"href":"https:\/\/cherrysainttrop.server-prod.com\/en\/wp-json\/wp\/v2\/pages"}],"about":[{"href":"https:\/\/cherrysainttrop.server-prod.com\/en\/wp-json\/wp\/v2\/types\/page"}],"author":[{"embeddable":true,"href":"https:\/\/cherrysainttrop.server-prod.com\/en\/wp-json\/wp\/v2\/users\/1"}],"replies":[{"embeddable":true,"href":"https:\/\/cherrysainttrop.server-prod.com\/en\/wp-json\/wp\/v2\/comments?post=2080"}],"version-history":[{"count":2,"href":"https:\/\/cherrysainttrop.server-prod.com\/en\/wp-json\/wp\/v2\/pages\/2080\/revisions"}],"predecessor-version":[{"id":2087,"href":"https:\/\/cherrysainttrop.server-prod.com\/en\/wp-json\/wp\/v2\/pages\/2080\/revisions\/2087"}],"wp:attachment":[{"href":"https:\/\/cherrysainttrop.server-prod.com\/en\/wp-json\/wp\/v2\/media?parent=2080"}],"curies":[{"name":"wp","href":"https:\/\/api.w.org\/{rel}","templated":true}]}}