{"id":2072,"date":"2025-12-03T01:01:45","date_gmt":"2025-12-03T01:01:45","guid":{"rendered":"https:\/\/indiebeach.server-prod.com\/contact\/"},"modified":"2026-04-15T04:27:54","modified_gmt":"2026-04-15T04:27:54","slug":"contact","status":"publish","type":"page","link":"https:\/\/cherrysainttrop.server-prod.com\/en\/contact\/","title":{"rendered":"Contact"},"content":{"rendered":"<div id=\"overlay-scroll\" class=\"overlay-scroll\"><\/div><div class=\"loader\" id=\"loader\" style=\"display: none;\">\n        <div class=\"loader-content\">\n            <div class=\"indie\" id=\"indie\">indie<\/div>\n            <div class=\"group\" id=\"group\">group<\/div>\n        <\/div>\n    <\/div><p>[et_pb_section fb_built=&#8221;1&#8243; custom_padding_last_edited=&#8221;on|tablet&#8221; _builder_version=&#8221;4.27.5&#8243; _module_preset=&#8221;default&#8221; background_color=&#8221;#000000&#8243; custom_padding=&#8221;225px||225px||false|false&#8221; custom_padding_tablet=&#8221;141px||141px||false|false&#8221; custom_padding_phone=&#8221;141px||141px||false|false&#8221; global_colors_info=&#8221;{}&#8221;][et_pb_row _builder_version=&#8221;4.27.4&#8243; _module_preset=&#8221;default&#8221; global_colors_info=&#8221;{}&#8221;][et_pb_column type=&#8221;4_4&#8243; _builder_version=&#8221;4.27.4&#8243; _module_preset=&#8221;default&#8221; global_colors_info=&#8221;{}&#8221;][et_pb_text module_class=&#8221;text-37 white&#8221; _builder_version=&#8221;4.27.5&#8243; _module_preset=&#8221;default&#8221; text_orientation=&#8221;center&#8221; global_colors_info=&#8221;{}&#8221;]<\/p>\n<h1>Contact<\/h1>\n<p>[\/et_pb_text][\/et_pb_column][\/et_pb_row][\/et_pb_section][et_pb_section fb_built=&#8221;1&#8243; custom_padding_last_edited=&#8221;on|tablet&#8221; module_class=&#8221;scroll-section&#8221; _builder_version=&#8221;4.27.5&#8243; _module_preset=&#8221;default&#8221; background_color=&#8221;#fffaeb&#8221; custom_padding=&#8221;178px||178px||false|false&#8221; custom_padding_tablet=&#8221;90px||90px||false|false&#8221; custom_padding_phone=&#8221;18px||18px||false|false&#8221; global_colors_info=&#8221;{}&#8221;][et_pb_row _builder_version=&#8221;4.27.5&#8243; _module_preset=&#8221;default&#8221; width_tablet=&#8221;&#8221; width_phone=&#8221;100%&#8221; width_last_edited=&#8221;on|phone&#8221; max_width=&#8221;100%&#8221; custom_padding=&#8221;0px|20px|0px|20px|false|false&#8221; global_colors_info=&#8221;{}&#8221;][et_pb_column type=&#8221;4_4&#8243; _builder_version=&#8221;4.27.4&#8243; _module_preset=&#8221;default&#8221; global_colors_info=&#8221;{}&#8221;][et_pb_text module_class=&#8221;text-37 black&#8221; _builder_version=&#8221;4.27.5&#8243; _module_preset=&#8221;default&#8221; text_font=&#8221;ModerneLLWeb-Medium||||||||&#8221; text_orientation=&#8221;center&#8221; hover_enabled=&#8221;0&#8243; text_orientation_tablet=&#8221;center&#8221; text_orientation_phone=&#8221;left&#8221; text_orientation_last_edited=&#8221;on|desktop&#8221; global_colors_info=&#8221;{}&#8221; sticky_enabled=&#8221;0&#8243;]To contact the Indie Beach restaurant in Ramatuelle, use the form below.<br \/>\nWhether you want to organise a private event, report on one of our venues,<br \/>\nsuggest a collaboration or partnership, or get more information,<br \/>\nwe are here to answer all your questions.[\/et_pb_text][\/et_pb_column][\/et_pb_row][\/et_pb_section][et_pb_section fb_built=&#8221;1&#8243; custom_padding_last_edited=&#8221;on|tablet&#8221; _builder_version=&#8221;4.27.5&#8243; _module_preset=&#8221;default&#8221; background_color=&#8221;#ded8c5&#8243; custom_padding=&#8221;174px||174px||false|false&#8221; custom_padding_tablet=&#8221;60px||60px||false|false&#8221; custom_padding_phone=&#8221;60px||60px||false|false&#8221; global_colors_info=&#8221;{}&#8221;][et_pb_row custom_padding_last_edited=&#8221;on|tablet&#8221; _builder_version=&#8221;4.27.5&#8243; _module_preset=&#8221;default&#8221; width_tablet=&#8221;100%&#8221; width_phone=&#8221;100%&#8221; width_last_edited=&#8221;on|tablet&#8221; custom_padding=&#8221;0px||0px||false|false&#8221; custom_padding_tablet=&#8221;|15px||15px|false|false&#8221; custom_padding_phone=&#8221;|20px||20px|false|false&#8221; global_colors_info=&#8221;{}&#8221;][et_pb_column type=&#8221;4_4&#8243; _builder_version=&#8221;4.27.4&#8243; _module_preset=&#8221;default&#8221; global_colors_info=&#8221;{}&#8221;][et_pb_text module_class=&#8221;text-37 black&#8221; _builder_version=&#8221;4.27.5&#8243; _module_preset=&#8221;default&#8221; text_orientation=&#8221;center&#8221; custom_margin=&#8221;||174px||false|false&#8221; custom_margin_tablet=&#8221;||60px||false|false&#8221; custom_margin_phone=&#8221;||60px||false|false&#8221; custom_margin_last_edited=&#8221;on|tablet&#8221; custom_padding=&#8221;||||false|false&#8221; hover_enabled=&#8221;0&#8243; global_colors_info=&#8221;{}&#8221; sticky_enabled=&#8221;0&#8243;]For press enquiries, partnerships, artistic collaborations, customer service and more, please use the form below to send us your request.[\/et_pb_text][et_pb_code module_class=&#8221;contactform&#8221; _builder_version=&#8221;4.27.4&#8243; _module_preset=&#8221;default&#8221; global_colors_info=&#8221;{}&#8221;]\n<div class=\"wpcf7 no-js\" id=\"wpcf7-f2076-o1\" lang=\"en-US\" dir=\"ltr\" data-wpcf7-id=\"2076\">\n<div class=\"screen-reader-response\"><p role=\"status\" aria-live=\"polite\" aria-atomic=\"true\"><\/p> <ul><\/ul><\/div>\n<form action=\"\/en\/wp-json\/wp\/v2\/pages\/2072#wpcf7-f2076-o1\" method=\"post\" class=\"wpcf7-form init\" aria-label=\"Contact form\" novalidate=\"novalidate\" data-status=\"init\">\n<fieldset class=\"hidden-fields-container\"><input type=\"hidden\" name=\"_wpcf7\" value=\"2076\" \/><input type=\"hidden\" name=\"_wpcf7_version\" value=\"6.1.4\" \/><input type=\"hidden\" name=\"_wpcf7_locale\" value=\"en_US\" \/><input type=\"hidden\" name=\"_wpcf7_unit_tag\" value=\"wpcf7-f2076-o1\" \/><input type=\"hidden\" name=\"_wpcf7_container_post\" value=\"0\" \/><input type=\"hidden\" name=\"_wpcf7_posted_data_hash\" value=\"\" \/>\n<\/fieldset>\n<div class=\"select-wrapper service-wrapper\">\n\n<div class=\"custom-dropdown\">\n    <div class=\"dropdown-header\">\n        <span class=\"text\">CONTACT SERVICE<\/span>\n        <span class=\"arrow\"><img loading=\"lazy\" decoding=\"async\" src=\"\/wp-content\/uploads\/2026\/02\/ig-website-arrow-black-bottom.svg\" width=\"31\" height=\"16\"><\/span>\n    <\/div>\n    <div class=\"dropdown-list\">\n        <div class=\"dropdown-list-header\">\n            <a class=\"dropdown-close\"><img decoding=\"async\" src=\"\/wp-content\/uploads\/2026\/02\/close-white.svg\" width=\"18\"\/><\/a>\n        <\/div>\n        <div class=\"dropdown-items\">\n            <div class=\"dropdown-item\" data-value=\"Press\">\n                <span>Press<\/span>\n            <\/div>\n            <div class=\"dropdown-item\" data-value=\"Partnership\">\n                <span>Partnership<\/span>\n            <\/div>\n            <div class=\"dropdown-item\" data-value=\"Customer service\">\n                <span>Customer service<\/span>\n            <\/div>\n            <div class=\"dropdown-item\" data-value=\"Other\">\n                <span>Other<\/span>\n            <\/div>\n        <\/div>\n    <\/div>\n<\/div>\n\n<span class=\"wpcf7-form-control-wrap\" data-name=\"etablissement\"><select class=\"wpcf7-form-control wpcf7-select wpcf7-validates-as-required etablissement-select\" aria-required=\"true\" aria-invalid=\"false\" name=\"etablissement\"><option value=\"\">CONTACT SERVICE<\/option><option value=\"Press\">Press<\/option><option value=\"Partnership\">Partnership<\/option><option value=\"Customer service\">Customer service<\/option><option value=\"Other\">Other<\/option><\/select><\/span>\n<\/div>\n<div class=\"row-form\">\n<div class=\"col-md-6\">\n<span class=\"wpcf7-form-control-wrap\" data-name=\"nom\"><input size=\"40\" maxlength=\"400\" class=\"wpcf7-form-control wpcf7-text wpcf7-validates-as-required\" aria-required=\"true\" aria-invalid=\"false\" placeholder=\"SURNAME\" value=\"\" type=\"text\" name=\"nom\" \/><\/span>\n<\/div>\n<div class=\"col-md-6\">\n<span class=\"wpcf7-form-control-wrap\" data-name=\"prenom\"><input size=\"40\" maxlength=\"400\" class=\"wpcf7-form-control wpcf7-text wpcf7-validates-as-required\" aria-required=\"true\" aria-invalid=\"false\" placeholder=\"FIRST NAME\" value=\"\" type=\"text\" name=\"prenom\" \/><\/span>\n<\/div>\n<\/div>\n<div class=\"row-form\">\n<div class=\"col-md-6\">\n<span class=\"wpcf7-form-control-wrap\" data-name=\"mail\"><input size=\"40\" maxlength=\"400\" class=\"wpcf7-form-control wpcf7-text wpcf7-validates-as-required\" aria-required=\"true\" aria-invalid=\"false\" placeholder=\"EMAIL\" value=\"\" type=\"text\" name=\"mail\" \/><\/span>\n<\/div>\n<div class=\"col-md-6\">\n<span class=\"wpcf7-form-control-wrap\" data-name=\"tel-204\"><input size=\"40\" maxlength=\"400\" class=\"wpcf7-form-control wpcf7-tel wpcf7-validates-as-required wpcf7-text wpcf7-validates-as-tel\" aria-required=\"true\" aria-invalid=\"false\" placeholder=\"PHONE\" value=\"\" type=\"tel\" name=\"tel-204\" \/><\/span>\n<\/div>\n<\/div>\n<span class=\"wpcf7-form-control-wrap\" data-name=\"objet\"><input size=\"40\" maxlength=\"400\" class=\"wpcf7-form-control wpcf7-text wpcf7-validates-as-required\" aria-required=\"true\" aria-invalid=\"false\" placeholder=\"SUBJECT\" value=\"\" type=\"text\" name=\"objet\" \/><\/span>\n<div class=\"row-message\"><div class=\"message-label\">MESSAGE<\/div><div class=\"counter\">0\/500<\/div><\/div>\n<span class=\"wpcf7-form-control-wrap\" data-name=\"message\"><textarea cols=\"40\" rows=\"10\" maxlength=\"500\" class=\"wpcf7-form-control wpcf7-textarea wpcf7-validates-as-required message\" aria-required=\"true\" aria-invalid=\"false\" name=\"message\"><\/textarea><\/span>\n<span class=\"wpcf7-form-control-wrap\" data-name=\"acceptance-5\"><span class=\"wpcf7-form-control wpcf7-acceptance\"><span class=\"wpcf7-list-item\"><label><input type=\"checkbox\" name=\"acceptance-5\" value=\"1\" aria-invalid=\"false\" \/><span class=\"wpcf7-list-item-label\">I ACCEPT INDIE GROUP\u2019S PRIVACY POLICY AND GENERAL TERMS AND CONDITIONS<\/span><\/label><\/span><\/span><\/span>\n<input class=\"wpcf7-form-control wpcf7-submit has-spinner\" type=\"submit\" value=\"SEND\" \/><div class=\"wpcf7-response-output\" aria-hidden=\"true\"><\/div>\n<\/form>\n<\/div>\n[\/et_pb_code][\/et_pb_column][\/et_pb_row][\/et_pb_section][et_pb_section fb_built=&#8221;1&#8243; custom_padding_last_edited=&#8221;on|tablet&#8221; module_class=&#8221;scroll-section&#8221; _builder_version=&#8221;4.27.5&#8243; _module_preset=&#8221;default&#8221; background_color=&#8221;#fffaeb&#8221; custom_padding=&#8221;107px||96.5px||false|false&#8221; custom_padding_tablet=&#8221;18px||18px||false|false&#8221; custom_padding_phone=&#8221;18px||18px||false|false&#8221; global_colors_info=&#8221;{}&#8221;][et_pb_row custom_padding_last_edited=&#8221;on|tablet&#8221; _builder_version=&#8221;4.27.5&#8243; _module_preset=&#8221;default&#8221; width=&#8221;100%&#8221; max_width=&#8221;100%&#8221; custom_padding=&#8221;0px|20px|0px|20px|false|false&#8221; custom_padding_tablet=&#8221;0px|18px|0px|18px|false|false&#8221; custom_padding_phone=&#8221;0px|18px|0px|18px|false|false&#8221; global_colors_info=&#8221;{}&#8221;][et_pb_column type=&#8221;4_4&#8243; _builder_version=&#8221;4.27.4&#8243; _module_preset=&#8221;default&#8221; global_colors_info=&#8221;{}&#8221;][et_pb_text module_class=&#8221;text-37 black&#8221; _builder_version=&#8221;4.27.5&#8243; _module_preset=&#8221;default&#8221; text_font=&#8221;ModerneLLWeb-Medium||||||||&#8221; text_orientation=&#8221;center&#8221; custom_margin=&#8221;||84px||false|false&#8221; custom_margin_tablet=&#8221;||18px||false|false&#8221; custom_margin_phone=&#8221;||18px||false|false&#8221; custom_margin_last_edited=&#8221;on|tablet&#8221; custom_padding=&#8221;||||false|false&#8221; hover_enabled=&#8221;0&#8243; text_orientation_tablet=&#8221;left&#8221; text_orientation_phone=&#8221;left&#8221; text_orientation_last_edited=&#8221;on|tablet&#8221; global_colors_info=&#8221;{}&#8221; sticky_enabled=&#8221;0&#8243;]Stay in touch for our latest news,<br \/>\nevents and more.[\/et_pb_text][\/et_pb_column][\/et_pb_row][et_pb_row custom_padding_last_edited=&#8221;on|tablet&#8221; _builder_version=&#8221;4.27.5&#8243; _module_preset=&#8221;default&#8221; width=&#8221;100%&#8221; max_width=&#8221;100%&#8221; custom_padding=&#8221;0px|20px|0px|20px|false|false&#8221; custom_padding_tablet=&#8221;0px|143px|0px|143px|false|false&#8221; custom_padding_phone=&#8221;0px|18px|0px|18px|false|false&#8221; global_colors_info=&#8221;{}&#8221;][et_pb_column type=&#8221;4_4&#8243; _builder_version=&#8221;4.27.4&#8243; _module_preset=&#8221;default&#8221; global_colors_info=&#8221;{}&#8221;][et_pb_image src=&#8221;https:\/\/cherrysainttrop.server-prod.com\/wp-content\/uploads\/2026\/03\/contact-1.webp&#8221; alt=&#8221;contact restaurant pampelonne&#8221; title_text=&#8221;contact-1&#8243; align=&#8221;center&#8221; _builder_version=&#8221;4.27.5&#8243; _module_preset=&#8221;default&#8221; global_colors_info=&#8221;{}&#8221;][\/et_pb_image][\/et_pb_column][\/et_pb_row][et_pb_row column_structure=&#8221;1_2,1_2&#8243; use_custom_gutter=&#8221;on&#8221; gutter_width=&#8221;1&#8243; custom_padding_last_edited=&#8221;on|phone&#8221; disabled_on=&#8221;on|on|on&#8221; module_class=&#8221;social-contact&#8221; _builder_version=&#8221;4.27.5&#8243; _module_preset=&#8221;default&#8221; width=&#8221;100%&#8221; max_width=&#8221;100%&#8221; custom_padding=&#8221;30px|20px|0px|20px|false|false&#8221; custom_padding_tablet=&#8221;0px|143px|0px|143px|false|false&#8221; custom_padding_phone=&#8221;0px|18px|0px|18px|false|false&#8221; disabled=&#8221;on&#8221; global_colors_info=&#8221;{}&#8221;][et_pb_column type=&#8221;1_2&#8243; _builder_version=&#8221;4.27.5&#8243; _module_preset=&#8221;default&#8221; custom_padding=&#8221;|18.5px|||false|false&#8221; custom_padding_tablet=&#8221;|18.5px|||false|false&#8221; custom_padding_phone=&#8221;|0px|||false|false&#8221; custom_padding_last_edited=&#8221;on|phone&#8221; global_colors_info=&#8221;{}&#8221;][et_pb_button button_url=&#8221;https:\/\/www.instagram.com\/indiebeachpampelonne\/&#8221; url_new_window=&#8221;on&#8221; button_text=&#8221;INSTAGRAM&#8221; button_alignment=&#8221;right&#8221; module_class=&#8221;btn-1 contactpage&#8221; _builder_version=&#8221;4.27.5&#8243; _module_preset=&#8221;default&#8221; custom_margin=&#8221;30px||||false|false&#8221; custom_margin_tablet=&#8221;18px||||false|false&#8221; custom_margin_phone=&#8221;18px||||false|false&#8221; custom_margin_last_edited=&#8221;on|tablet&#8221; locked=&#8221;off&#8221; global_colors_info=&#8221;{}&#8221;][\/et_pb_button][\/et_pb_column][et_pb_column type=&#8221;1_2&#8243; _builder_version=&#8221;4.27.5&#8243; _module_preset=&#8221;default&#8221; custom_padding=&#8221;|||18.5px|false|false&#8221; custom_padding_tablet=&#8221;|||18.5px|false|false&#8221; custom_padding_phone=&#8221;|||0px|false|false&#8221; custom_padding_last_edited=&#8221;on|phone&#8221; global_colors_info=&#8221;{}&#8221;][et_pb_button button_url=&#8221;https:\/\/wa.me\/33422470540&#8243; url_new_window=&#8221;on&#8221; button_text=&#8221;WHATSAPP&#8221; button_alignment=&#8221;left&#8221; module_class=&#8221;btn-1 contactpage&#8221; _builder_version=&#8221;4.27.5&#8243; _module_preset=&#8221;default&#8221; custom_margin=&#8221;30px||||false|false&#8221; custom_margin_tablet=&#8221;18px||||false|false&#8221; custom_margin_phone=&#8221;18px||||false|false&#8221; custom_margin_last_edited=&#8221;on|tablet&#8221; locked=&#8221;off&#8221; global_colors_info=&#8221;{}&#8221;][\/et_pb_button][\/et_pb_column][\/et_pb_row][et_pb_row use_custom_gutter=&#8221;on&#8221; gutter_width=&#8221;1&#8243; custom_padding_last_edited=&#8221;on|phone&#8221; module_class=&#8221;social-contact&#8221; _builder_version=&#8221;4.27.5&#8243; _module_preset=&#8221;default&#8221; width=&#8221;100%&#8221; max_width=&#8221;100%&#8221; custom_padding=&#8221;30px|20px|0px|20px|false|false&#8221; custom_padding_tablet=&#8221;0px|143px|0px|143px|false|false&#8221; custom_padding_phone=&#8221;0px|18px|0px|18px|false|false&#8221; global_colors_info=&#8221;{}&#8221;][et_pb_column type=&#8221;4_4&#8243; _builder_version=&#8221;4.27.5&#8243; _module_preset=&#8221;default&#8221; custom_padding=&#8221;|18.5px|||false|false&#8221; custom_padding_tablet=&#8221;|18.5px|||false|false&#8221; custom_padding_phone=&#8221;|0px|||false|false&#8221; custom_padding_last_edited=&#8221;on|phone&#8221; global_colors_info=&#8221;{}&#8221;][et_pb_button button_url=&#8221;https:\/\/www.instagram.com\/indiebeachpampelonne\/&#8221; url_new_window=&#8221;on&#8221; button_text=&#8221;INSTAGRAM&#8221; button_alignment=&#8221;center&#8221; module_class=&#8221;btn-1 contactpage&#8221; _builder_version=&#8221;4.27.5&#8243; _module_preset=&#8221;default&#8221; custom_margin=&#8221;30px||||false|false&#8221; custom_margin_tablet=&#8221;18px||||false|false&#8221; custom_margin_phone=&#8221;18px||||false|false&#8221; custom_margin_last_edited=&#8221;on|tablet&#8221; locked=&#8221;off&#8221; global_colors_info=&#8221;{}&#8221;][\/et_pb_button][\/et_pb_column][\/et_pb_row][\/et_pb_section]<\/p>\n","protected":false},"excerpt":{"rendered":"<p>ContactTo contact the Indie Beach restaurant in Ramatuelle, use the form below. Whether you want to organise a private event, report on one of our venues, suggest a collaboration or partnership, or get more information, we are here to answer all your questions.For press enquiries, partnerships, artistic collaborations, customer service and more, please use the [&hellip;]<\/p>\n","protected":false},"author":1,"featured_media":0,"parent":0,"menu_order":0,"comment_status":"closed","ping_status":"closed","template":"","meta":{"_acf_changed":false,"_et_pb_use_builder":"on","_et_pb_old_content":"","_et_gb_content_width":"","footnotes":""},"class_list":["post-2072","page","type-page","status-publish","hentry"],"acf":[],"yoast_head":"<!-- This site is optimized with the Yoast SEO plugin v26.6 - https:\/\/yoast.com\/wordpress\/plugins\/seo\/ -->\n<title>Contactez Indie Group pour des Exp\u00e9riences Inoubliables<\/title>\n<meta name=\"description\" content=\"Contactez Indie Group pour vos r\u00e9servations, \u00e9v\u00e9nements priv\u00e9s ou informations sur nos lieux \u00e0 Saint-Tropez, Meg\u00e8ve et Courchevel.\" \/>\n<meta name=\"robots\" content=\"noindex, follow, max-snippet:-1, max-image-preview:large, max-video-preview:-1\" \/>\n<meta property=\"og:locale\" content=\"en_US\" \/>\n<meta property=\"og:type\" content=\"article\" \/>\n<meta property=\"og:title\" content=\"Contactez Indie Group pour des Exp\u00e9riences Inoubliables\" \/>\n<meta property=\"og:description\" content=\"Contactez Indie Group pour vos r\u00e9servations, \u00e9v\u00e9nements priv\u00e9s ou informations sur nos lieux \u00e0 Saint-Tropez, Meg\u00e8ve et Courchevel.\" \/>\n<meta property=\"og:url\" content=\"https:\/\/cherrysainttrop.server-prod.com\/en\/contact\/\" \/>\n<meta property=\"og:site_name\" content=\"Indie Beach\" \/>\n<meta property=\"article:modified_time\" content=\"2026-04-15T04:27:54+00:00\" \/>\n<meta name=\"twitter:card\" content=\"summary_large_image\" \/>\n<meta name=\"twitter:label1\" content=\"Est. reading time\" \/>\n\t<meta name=\"twitter:data1\" content=\"2 minutes\" \/>\n<script type=\"application\/ld+json\" class=\"yoast-schema-graph\">{\"@context\":\"https:\/\/schema.org\",\"@graph\":[{\"@type\":\"WebPage\",\"@id\":\"https:\/\/cherrysainttrop.server-prod.com\/en\/contact\/\",\"url\":\"https:\/\/cherrysainttrop.server-prod.com\/en\/contact\/\",\"name\":\"Contactez Indie Group pour des Exp\u00e9riences Inoubliables\",\"isPartOf\":{\"@id\":\"https:\/\/cherrysainttrop.server-prod.com\/en\/#website\"},\"datePublished\":\"2025-12-03T01:01:45+00:00\",\"dateModified\":\"2026-04-15T04:27:54+00:00\",\"description\":\"Contactez Indie Group pour vos r\u00e9servations, \u00e9v\u00e9nements priv\u00e9s ou informations sur nos lieux \u00e0 Saint-Tropez, Meg\u00e8ve et Courchevel.\",\"breadcrumb\":{\"@id\":\"https:\/\/cherrysainttrop.server-prod.com\/en\/contact\/#breadcrumb\"},\"inLanguage\":\"en-US\",\"potentialAction\":[{\"@type\":\"ReadAction\",\"target\":[\"https:\/\/cherrysainttrop.server-prod.com\/en\/contact\/\"]}]},{\"@type\":\"BreadcrumbList\",\"@id\":\"https:\/\/cherrysainttrop.server-prod.com\/en\/contact\/#breadcrumb\",\"itemListElement\":[{\"@type\":\"ListItem\",\"position\":1,\"name\":\"Accueil\",\"item\":\"https:\/\/cherrysainttrop.server-prod.com\/en\/\"},{\"@type\":\"ListItem\",\"position\":2,\"name\":\"Contact\"}]},{\"@type\":\"WebSite\",\"@id\":\"https:\/\/cherrysainttrop.server-prod.com\/en\/#website\",\"url\":\"https:\/\/cherrysainttrop.server-prod.com\/en\/\",\"name\":\"Indie Beach\",\"description\":\"\",\"potentialAction\":[{\"@type\":\"SearchAction\",\"target\":{\"@type\":\"EntryPoint\",\"urlTemplate\":\"https:\/\/cherrysainttrop.server-prod.com\/en\/?s={search_term_string}\"},\"query-input\":{\"@type\":\"PropertyValueSpecification\",\"valueRequired\":true,\"valueName\":\"search_term_string\"}}],\"inLanguage\":\"en-US\"}]}<\/script>\n<!-- \/ Yoast SEO plugin. -->","yoast_head_json":{"title":"Contactez Indie Group pour des Exp\u00e9riences Inoubliables","description":"Contactez Indie Group pour vos r\u00e9servations, \u00e9v\u00e9nements priv\u00e9s ou informations sur nos lieux \u00e0 Saint-Tropez, Meg\u00e8ve et Courchevel.","robots":{"index":"noindex","follow":"follow","max-snippet":"max-snippet:-1","max-image-preview":"max-image-preview:large","max-video-preview":"max-video-preview:-1"},"og_locale":"en_US","og_type":"article","og_title":"Contactez Indie Group pour des Exp\u00e9riences Inoubliables","og_description":"Contactez Indie Group pour vos r\u00e9servations, \u00e9v\u00e9nements priv\u00e9s ou informations sur nos lieux \u00e0 Saint-Tropez, Meg\u00e8ve et Courchevel.","og_url":"https:\/\/cherrysainttrop.server-prod.com\/en\/contact\/","og_site_name":"Indie Beach","article_modified_time":"2026-04-15T04:27:54+00:00","twitter_card":"summary_large_image","twitter_misc":{"Est. reading time":"2 minutes"},"schema":{"@context":"https:\/\/schema.org","@graph":[{"@type":"WebPage","@id":"https:\/\/cherrysainttrop.server-prod.com\/en\/contact\/","url":"https:\/\/cherrysainttrop.server-prod.com\/en\/contact\/","name":"Contactez Indie Group pour des Exp\u00e9riences Inoubliables","isPartOf":{"@id":"https:\/\/cherrysainttrop.server-prod.com\/en\/#website"},"datePublished":"2025-12-03T01:01:45+00:00","dateModified":"2026-04-15T04:27:54+00:00","description":"Contactez Indie Group pour vos r\u00e9servations, \u00e9v\u00e9nements priv\u00e9s ou informations sur nos lieux \u00e0 Saint-Tropez, Meg\u00e8ve et Courchevel.","breadcrumb":{"@id":"https:\/\/cherrysainttrop.server-prod.com\/en\/contact\/#breadcrumb"},"inLanguage":"en-US","potentialAction":[{"@type":"ReadAction","target":["https:\/\/cherrysainttrop.server-prod.com\/en\/contact\/"]}]},{"@type":"BreadcrumbList","@id":"https:\/\/cherrysainttrop.server-prod.com\/en\/contact\/#breadcrumb","itemListElement":[{"@type":"ListItem","position":1,"name":"Accueil","item":"https:\/\/cherrysainttrop.server-prod.com\/en\/"},{"@type":"ListItem","position":2,"name":"Contact"}]},{"@type":"WebSite","@id":"https:\/\/cherrysainttrop.server-prod.com\/en\/#website","url":"https:\/\/cherrysainttrop.server-prod.com\/en\/","name":"Indie Beach","description":"","potentialAction":[{"@type":"SearchAction","target":{"@type":"EntryPoint","urlTemplate":"https:\/\/cherrysainttrop.server-prod.com\/en\/?s={search_term_string}"},"query-input":{"@type":"PropertyValueSpecification","valueRequired":true,"valueName":"search_term_string"}}],"inLanguage":"en-US"}]}},"_links":{"self":[{"href":"https:\/\/cherrysainttrop.server-prod.com\/en\/wp-json\/wp\/v2\/pages\/2072","targetHints":{"allow":["GET"]}}],"collection":[{"href":"https:\/\/cherrysainttrop.server-prod.com\/en\/wp-json\/wp\/v2\/pages"}],"about":[{"href":"https:\/\/cherrysainttrop.server-prod.com\/en\/wp-json\/wp\/v2\/types\/page"}],"author":[{"embeddable":true,"href":"https:\/\/cherrysainttrop.server-prod.com\/en\/wp-json\/wp\/v2\/users\/1"}],"replies":[{"embeddable":true,"href":"https:\/\/cherrysainttrop.server-prod.com\/en\/wp-json\/wp\/v2\/comments?post=2072"}],"version-history":[{"count":2,"href":"https:\/\/cherrysainttrop.server-prod.com\/en\/wp-json\/wp\/v2\/pages\/2072\/revisions"}],"predecessor-version":[{"id":2078,"href":"https:\/\/cherrysainttrop.server-prod.com\/en\/wp-json\/wp\/v2\/pages\/2072\/revisions\/2078"}],"wp:attachment":[{"href":"https:\/\/cherrysainttrop.server-prod.com\/en\/wp-json\/wp\/v2\/media?parent=2072"}],"curies":[{"name":"wp","href":"https:\/\/api.w.org\/{rel}","templated":true}]}}